{"id":203,"date":"2024-01-08T22:49:45","date_gmt":"2024-01-08T22:49:45","guid":{"rendered":"https:\/\/kristalsteypa.is\/?page_id=203"},"modified":"2024-01-08T22:54:08","modified_gmt":"2024-01-08T22:54:08","slug":"verkmyndir","status":"publish","type":"page","link":"https:\/\/kristalsteypa.is\/index.php\/verkmyndir\/","title":{"rendered":"Verkmyndir"},"content":{"rendered":"<p>[et_pb_section fb_built=&#8220;1&#8243; admin_label=&#8220;Gallery&#8220; _builder_version=&#8220;4.18.0&#8243; _module_preset=&#8220;default&#8220; custom_padding=&#8220;0px||0px||true|&#8220; collapsed=&#8220;on&#8220; global_colors_info=&#8220;{}&#8220;][et_pb_row _builder_version=&#8220;4.18.0&#8243; _module_preset=&#8220;default&#8220; width=&#8220;100%&#8220; max_width=&#8220;none&#8220; custom_padding=&#8220;0px||0px||true|false&#8220; global_colors_info=&#8220;{}&#8220;][et_pb_column type=&#8220;4_4&#8243; _builder_version=&#8220;4.18.0&#8243; _module_preset=&#8220;default&#8220; global_colors_info=&#8220;{}&#8220;][\/et_pb_column][\/et_pb_row][\/et_pb_section][et_pb_section fb_built=&#8220;1&#8243; admin_label=&#8220;Details&#8220; _builder_version=&#8220;4.18.0&#8243; _module_preset=&#8220;default&#8220; global_colors_info=&#8220;{}&#8220;][et_pb_row _builder_version=&#8220;4.18.0&#8243; _module_preset=&#8220;default&#8220; global_colors_info=&#8220;{}&#8220;][et_pb_column type=&#8220;4_4&#8243; _builder_version=&#8220;4.18.0&#8243; _module_preset=&#8220;default&#8220; global_colors_info=&#8220;{}&#8220;][et_pb_text _builder_version=&#8220;4.23.1&#8243; _module_preset=&#8220;b327cbe4-b1d5-4b66-ad37-40c8f2f061ba&#8220; header_2_font=&#8220;Playfair Display|700|||||||&#8220; header_2_text_color=&#8220;#000000&#8243; header_2_font_size=&#8220;45px&#8220; header_2_line_height=&#8220;1.35em&#8220; text_orientation=&#8220;center&#8220; custom_margin=&#8220;||0px||false|false&#8220; header_2_font_size_tablet=&#8220;32px&#8220; header_2_font_size_phone=&#8220;20px&#8220; header_2_font_size_last_edited=&#8220;on|desktop&#8220; locked=&#8220;off&#8220; global_colors_info=&#8220;{}&#8220;]<\/p>\n<h2 class=\"lp-h3\">Verkmyndir<\/h2>\n<p>[\/et_pb_text][\/et_pb_column][\/et_pb_row][\/et_pb_section][et_pb_section fb_built=&#8220;1&#8243; admin_label=&#8220;Agent&#8220; _builder_version=&#8220;4.18.0&#8243; _module_preset=&#8220;default&#8220; background_color=&#8220;#F5F5F5&#8243; background_size_tablet=&#8220;cover&#8220; background_image_width_phone=&#8220;90%&#8220; background_position_tablet=&#8220;center&#8220; overflow-x_tablet=&#8220;&#8220; overflow-x_phone=&#8220;hidden&#8220; overflow-x_last_edited=&#8220;on|phone&#8220; overflow-y_tablet=&#8220;&#8220; overflow-y_phone=&#8220;hidden&#8220; overflow-y_last_edited=&#8220;on|phone&#8220; locked=&#8220;off&#8220; collapsed=&#8220;on&#8220; global_colors_info=&#8220;{}&#8220;][et_pb_row column_structure=&#8220;1_3,1_3,1_3&#8243; _builder_version=&#8220;4.23.1&#8243; _module_preset=&#8220;default&#8220; global_colors_info=&#8220;{}&#8220;][et_pb_column type=&#8220;1_3&#8243; _builder_version=&#8220;4.23.1&#8243; _module_preset=&#8220;default&#8220; global_colors_info=&#8220;{}&#8220;][et_pb_image src=&#8220;https:\/\/kristalsteypa.is\/wp-content\/uploads\/2024\/01\/crack_before-denia-300px.jpg&#8220; title_text=&#8220;crack_before-denia-300px&#8220; show_in_lightbox=&#8220;on&#8220; align=&#8220;center&#8220; _builder_version=&#8220;4.23.1&#8243; _module_preset=&#8220;default&#8220; width=&#8220;50%&#8220; hover_enabled=&#8220;0&#8243; global_colors_info=&#8220;{}&#8220; sticky_enabled=&#8220;0&#8243;][\/et_pb_image][et_pb_text _builder_version=&#8220;4.23.1&#8243; _module_preset=&#8220;default&#8220; text_orientation=&#8220;center&#8220; hover_enabled=&#8220;0&#8243; global_colors_info=&#8220;{}&#8220; header_3_text_align=&#8220;center&#8220; sticky_enabled=&#8220;0&#8243;]<\/p>\n<h3>B\u00edlast\u00e6\u00f0ah\u00fas undir sj\u00e1varm\u00e1li.<\/h3>\n<p>Sprungur myndu\u00f0ust \u00ed vegg og vatn f\u00f3r a\u00f0 \u00fer\u00fdstast \u00ed gegn.<\/p>\n<p>[\/et_pb_text][\/et_pb_column][et_pb_column type=&#8220;1_3&#8243; _builder_version=&#8220;4.23.1&#8243; _module_preset=&#8220;default&#8220; global_colors_info=&#8220;{}&#8220;][et_pb_image src=&#8220;https:\/\/kristalsteypa.is\/wp-content\/uploads\/2024\/01\/crack_after-denia-300px.jpg&#8220; title_text=&#8220;crack_after-denia-300px&#8220; show_in_lightbox=&#8220;on&#8220; align=&#8220;center&#8220; _builder_version=&#8220;4.23.1&#8243; _module_preset=&#8220;default&#8220; width=&#8220;50%&#8220; global_colors_info=&#8220;{}&#8220;][\/et_pb_image][et_pb_text _builder_version=&#8220;4.23.1&#8243; _module_preset=&#8220;default&#8220; text_orientation=&#8220;center&#8220; hover_enabled=&#8220;0&#8243; global_colors_info=&#8220;{}&#8220; sticky_enabled=&#8220;0&#8243;]<\/p>\n<h3>Sama sv\u00e6\u00f0i 11 d\u00f6gum s\u00ed\u00f0ar.<\/h3>\n<p>Steypan hefur algj\u00f6rlega n\u00e1\u00f0 a\u00f0 \u00fe\u00e9ttast. St\u00e6rstu sprungurnar n\u00e1\u00f0u 0,9mm a\u00f0 \u00feykkt.<br \/>\n\u00deetta s\u00fdnir vel getu KRYSTALINE til sj\u00e1lf\u00fe\u00e9ttingar.[\/et_pb_text][\/et_pb_column][et_pb_column type=&#8220;1_3&#8243; _builder_version=&#8220;4.23.1&#8243; _module_preset=&#8220;default&#8220; global_colors_info=&#8220;{}&#8220;][et_pb_image src=&#8220;https:\/\/kristalsteypa.is\/wp-content\/uploads\/2024\/01\/self-healing-wall.png&#8220; title_text=&#8220;self-healing-wall&#8220; show_in_lightbox=&#8220;on&#8220; align=&#8220;center&#8220; _builder_version=&#8220;4.23.1&#8243; _module_preset=&#8220;default&#8220; width=&#8220;50%&#8220; global_colors_info=&#8220;{}&#8220;][\/et_pb_image][et_pb_text _builder_version=&#8220;4.23.1&#8243; _module_preset=&#8220;default&#8220; text_orientation=&#8220;center&#8220; hover_enabled=&#8220;0&#8243; global_colors_info=&#8220;{}&#8220; sticky_enabled=&#8220;0&#8243;]<\/p>\n<h3>Veggur b\u00edlast\u00e6\u00f0ah\u00fass undir sj\u00e1varm\u00e1li<\/h3>\n<p>H\u00e9rna s\u00e9st greinilega hvernig kristalarnir hafa ra\u00f0a\u00f0 s\u00e9r eftir sprungunum[\/et_pb_text][\/et_pb_column][\/et_pb_row][\/et_pb_section]<\/p>\n","protected":false},"excerpt":{"rendered":"<p>VerkmyndirB\u00edlast\u00e6\u00f0ah\u00fas undir sj\u00e1varm\u00e1li. Sprungur myndu\u00f0ust \u00ed vegg og vatn f\u00f3r a\u00f0 \u00fer\u00fdstast \u00ed gegn.Sama sv\u00e6\u00f0i 11 d\u00f6gum s\u00ed\u00f0ar. Steypan hefur algj\u00f6rlega n\u00e1\u00f0 a\u00f0 \u00fe\u00e9ttast. St\u00e6rstu sprungurnar n\u00e1\u00f0u 0,9mm a\u00f0 \u00feykkt. \u00deetta s\u00fdnir vel getu KRYSTALINE til sj\u00e1lf\u00fe\u00e9ttingar.Veggur b\u00edlast\u00e6\u00f0ah\u00fass undir sj\u00e1varm\u00e1li H\u00e9rna s\u00e9st greinilega hvernig kristalarnir hafa ra\u00f0a\u00f0 s\u00e9r eftir sprungunum<\/p>\n","protected":false},"author":1,"featured_media":0,"parent":0,"menu_order":0,"comment_status":"closed","ping_status":"closed","template":"","meta":{"_et_pb_use_builder":"on","_et_pb_old_content":"","_et_gb_content_width":"","footnotes":""},"class_list":["post-203","page","type-page","status-publish","hentry"],"_links":{"self":[{"href":"https:\/\/kristalsteypa.is\/index.php\/wp-json\/wp\/v2\/pages\/203","targetHints":{"allow":["GET"]}}],"collection":[{"href":"https:\/\/kristalsteypa.is\/index.php\/wp-json\/wp\/v2\/pages"}],"about":[{"href":"https:\/\/kristalsteypa.is\/index.php\/wp-json\/wp\/v2\/types\/page"}],"author":[{"embeddable":true,"href":"https:\/\/kristalsteypa.is\/index.php\/wp-json\/wp\/v2\/users\/1"}],"replies":[{"embeddable":true,"href":"https:\/\/kristalsteypa.is\/index.php\/wp-json\/wp\/v2\/comments?post=203"}],"version-history":[{"count":11,"href":"https:\/\/kristalsteypa.is\/index.php\/wp-json\/wp\/v2\/pages\/203\/revisions"}],"predecessor-version":[{"id":225,"href":"https:\/\/kristalsteypa.is\/index.php\/wp-json\/wp\/v2\/pages\/203\/revisions\/225"}],"wp:attachment":[{"href":"https:\/\/kristalsteypa.is\/index.php\/wp-json\/wp\/v2\/media?parent=203"}],"curies":[{"name":"wp","href":"https:\/\/api.w.org\/{rel}","templated":true}]}}