{"id":283,"date":"2026-03-23T17:32:43","date_gmt":"2026-03-23T17:32:43","guid":{"rendered":"https:\/\/kristalsteypa.is\/?page_id=283"},"modified":"2026-03-23T17:36:24","modified_gmt":"2026-03-23T17:36:24","slug":"hamraborg","status":"publish","type":"page","link":"https:\/\/kristalsteypa.is\/index.php\/hamraborg\/","title":{"rendered":"Hamraborg"},"content":{"rendered":"<p>[et_pb_section fb_built=&#8220;1&#8243; admin_label=&#8220;Gallery&#8220; _builder_version=&#8220;4.18.0&#8243; _module_preset=&#8220;default&#8220; custom_padding=&#8220;0px||0px||true|&#8220; collapsed=&#8220;on&#8220; global_colors_info=&#8220;{}&#8220;][et_pb_row _builder_version=&#8220;4.18.0&#8243; _module_preset=&#8220;default&#8220; width=&#8220;100%&#8220; max_width=&#8220;none&#8220; custom_padding=&#8220;0px||0px||true|false&#8220; global_colors_info=&#8220;{}&#8220;][et_pb_column type=&#8220;4_4&#8243; _builder_version=&#8220;4.18.0&#8243; _module_preset=&#8220;default&#8220; global_colors_info=&#8220;{}&#8220;][\/et_pb_column][\/et_pb_row][\/et_pb_section][et_pb_section fb_built=&#8220;1&#8243; admin_label=&#8220;Details&#8220; _builder_version=&#8220;4.18.0&#8243; _module_preset=&#8220;default&#8220; global_colors_info=&#8220;{}&#8220;][et_pb_row _builder_version=&#8220;4.18.0&#8243; _module_preset=&#8220;default&#8220; global_colors_info=&#8220;{}&#8220;][et_pb_column type=&#8220;4_4&#8243; _builder_version=&#8220;4.18.0&#8243; _module_preset=&#8220;default&#8220; global_colors_info=&#8220;{}&#8220;][et_pb_text _builder_version=&#8220;4.27.6&#8243; _module_preset=&#8220;b327cbe4-b1d5-4b66-ad37-40c8f2f061ba&#8220; header_2_font=&#8220;Playfair Display|700|||||||&#8220; header_2_text_color=&#8220;#000000&#8243; header_2_font_size=&#8220;45px&#8220; header_2_line_height=&#8220;1.35em&#8220; text_orientation=&#8220;center&#8220; custom_margin=&#8220;||0px||false|false&#8220; hover_enabled=&#8220;0&#8243; header_2_font_size_tablet=&#8220;32px&#8220; header_2_font_size_phone=&#8220;20px&#8220; header_2_font_size_last_edited=&#8220;on|desktop&#8220; locked=&#8220;off&#8220; global_colors_info=&#8220;{}&#8220; sticky_enabled=&#8220;0&#8243;]<\/p>\n<p style=\"text-align: left;\"><strong>Sumari\u00f0 2025 var 3.200 m2 b\u00edlast\u00e6\u00f0aplata \u00ed Hamraborg me\u00f0h\u00f6ndlu\u00f0 me\u00f0 Kristaline1.<\/strong><br \/>\u00deetta er milliplata og \u00fev\u00ed au\u00f0velt a\u00f0 sj\u00e1 hana ne\u00f0an fr\u00e1 l\u00edka.<br \/>Mikill raki og rakaskemmdir voru \u00ed pl\u00f6tunni.<br \/>\u00deann 19. febr\u00faar 2026 var platan sko\u00f0u\u00f0 og myndir teknar. (sj\u00e1 myndir \u00ferj\u00fa til fimm).<br \/>\u00c1 myndum eitt og tv\u00f6 s\u00e9st \u00feegar efni\u00f0 er bori\u00f0 \u00e1 pl\u00f6tuna.<br \/>\u00c1 mynd \u00ferj\u00fa sj\u00e1st greinilega rakar sprungur \u00fear sem efni\u00f0 haf\u00f0i ekki veri\u00f0 bori\u00f0 \u00e1.<br \/>Mynd fj\u00f6gur s\u00fdnir pl\u00f6tuna ne\u00f0an fr\u00e1 og \u00fearna s\u00e9st greinilega hvernig rakin hefur komist \u00ed gegn og m\u00e1lningin flagna\u00f0.<br \/>\u00c1 mynd fimm s\u00e9st hvernig platan l\u00edtur \u00fat \u00ed dag.<br \/>\u00deetta verkefni var fyrirskrifa\u00f0 af \u00c1str\u00e1\u00f0i Gu\u00f0mundssyni t\u00e6knilegum r\u00e1\u00f0gjafa.<br \/>Samkv\u00e6mt samtali vi\u00f0 \u00c1str\u00e1\u00f0 vir\u00f0ist sem \u00feessi a\u00f0ger\u00f0 sem var til \u00feess ger\u00f0 a\u00f0 \u00fe\u00e9tta pl\u00f6tuna hafi virka\u00f0 \u00ed alla sta\u00f0i.<br \/>Engin leki e\u00f0a raki er lengur til sta\u00f0ar og n\u00fa stendur til a\u00f0 m\u00e1la aftur pl\u00f6tuna a\u00f0 ne\u00f0an.<br \/>\u00dea\u00f0 er einnig mj\u00f6g \u00e1hugavert hvernig m\u00farh\u00fa\u00f0in sem virka efni\u00f0 er \u00ed hefur sta\u00f0ist \u00e1lag umfer\u00f0ar.<br \/>L\u00edtil sem engin rykmengun er eftir a\u00f0 m\u00farinn har\u00f0na\u00f0i almennilega.<br \/>\u00dea\u00f0 skal teki\u00f0 fram a\u00f0 Kristaline1 endist l\u00edft\u00edma steypunnar \u00feannig a\u00f0 h\u00e9r er um varanlega lausn a\u00f0 r\u00e6\u00f0a.<\/p>\n<p>[\/et_pb_text][\/et_pb_column][\/et_pb_row][\/et_pb_section][et_pb_section fb_built=&#8220;1&#8243; admin_label=&#8220;Agent&#8220; _builder_version=&#8220;4.18.0&#8243; _module_preset=&#8220;default&#8220; background_color=&#8220;#F5F5F5&#8243; background_size_tablet=&#8220;cover&#8220; background_image_width_phone=&#8220;90%&#8220; background_position_tablet=&#8220;center&#8220; overflow-x_tablet=&#8220;&#8220; overflow-x_phone=&#8220;hidden&#8220; overflow-x_last_edited=&#8220;on|phone&#8220; overflow-y_tablet=&#8220;&#8220; overflow-y_phone=&#8220;hidden&#8220; overflow-y_last_edited=&#8220;on|phone&#8220; locked=&#8220;off&#8220; collapsed=&#8220;on&#8220; global_colors_info=&#8220;{}&#8220;][et_pb_row column_structure=&#8220;1_3,1_3,1_3&#8243; _builder_version=&#8220;4.23.1&#8243; _module_preset=&#8220;default&#8220; global_colors_info=&#8220;{}&#8220;][et_pb_column type=&#8220;1_3&#8243; _builder_version=&#8220;4.23.1&#8243; _module_preset=&#8220;default&#8220; global_colors_info=&#8220;{}&#8220;][et_pb_image src=&#8220;https:\/\/kristalsteypa.is\/wp-content\/uploads\/2026\/03\/H-M-1.jpg&#8220; title_text=&#8220;H-M-1&#8243; show_in_lightbox=&#8220;on&#8220; align=&#8220;center&#8220; _builder_version=&#8220;4.27.6&#8243; _module_preset=&#8220;default&#8220; width=&#8220;50%&#8220; global_colors_info=&#8220;{}&#8220;][\/et_pb_image][et_pb_text _builder_version=&#8220;4.27.6&#8243; _module_preset=&#8220;default&#8220; header_3_text_align=&#8220;center&#8220; text_orientation=&#8220;center&#8220; global_colors_info=&#8220;{}&#8220;]<\/p>\n<h3>Mynd 1<\/h3>\n<p>[\/et_pb_text][\/et_pb_column][et_pb_column type=&#8220;1_3&#8243; _builder_version=&#8220;4.23.1&#8243; _module_preset=&#8220;default&#8220; global_colors_info=&#8220;{}&#8220;][et_pb_image src=&#8220;https:\/\/kristalsteypa.is\/wp-content\/uploads\/2026\/03\/H-M-2.jpg&#8220; title_text=&#8220;H-M-2&#8243; show_in_lightbox=&#8220;on&#8220; align=&#8220;center&#8220; _builder_version=&#8220;4.27.6&#8243; _module_preset=&#8220;default&#8220; width=&#8220;50%&#8220; global_colors_info=&#8220;{}&#8220;][\/et_pb_image][et_pb_text _builder_version=&#8220;4.27.6&#8243; _module_preset=&#8220;default&#8220; text_orientation=&#8220;center&#8220; global_colors_info=&#8220;{}&#8220;]<\/p>\n<h3>Mynd 2<\/h3>\n<p>[\/et_pb_text][\/et_pb_column][et_pb_column type=&#8220;1_3&#8243; _builder_version=&#8220;4.23.1&#8243; _module_preset=&#8220;default&#8220; global_colors_info=&#8220;{}&#8220;][et_pb_image src=&#8220;https:\/\/kristalsteypa.is\/wp-content\/uploads\/2026\/03\/H-M-3.jpg&#8220; title_text=&#8220;H-M-3&#8243; show_in_lightbox=&#8220;on&#8220; align=&#8220;center&#8220; _builder_version=&#8220;4.27.6&#8243; _module_preset=&#8220;default&#8220; width=&#8220;50%&#8220; global_colors_info=&#8220;{}&#8220;][\/et_pb_image][et_pb_text _builder_version=&#8220;4.27.6&#8243; _module_preset=&#8220;default&#8220; text_orientation=&#8220;center&#8220; global_colors_info=&#8220;{}&#8220;]<\/p>\n<h3>Mynd 3<\/h3>\n<p>[\/et_pb_text][\/et_pb_column][\/et_pb_row][et_pb_row column_structure=&#8220;1_3,1_3,1_3&#8243; _builder_version=&#8220;4.23.1&#8243; _module_preset=&#8220;default&#8220; global_colors_info=&#8220;{}&#8220;][et_pb_column type=&#8220;1_3&#8243; _builder_version=&#8220;4.23.1&#8243; _module_preset=&#8220;default&#8220; global_colors_info=&#8220;{}&#8220;][et_pb_image src=&#8220;https:\/\/kristalsteypa.is\/wp-content\/uploads\/2026\/03\/H-M-4.jpg&#8220; title_text=&#8220;H-M-4&#8243; show_in_lightbox=&#8220;on&#8220; align=&#8220;center&#8220; _builder_version=&#8220;4.27.6&#8243; _module_preset=&#8220;default&#8220; width=&#8220;50%&#8220; global_colors_info=&#8220;{}&#8220;][\/et_pb_image][et_pb_text _builder_version=&#8220;4.27.6&#8243; _module_preset=&#8220;default&#8220; header_3_text_align=&#8220;center&#8220; text_orientation=&#8220;center&#8220; global_colors_info=&#8220;{}&#8220;]<\/p>\n<h3>Mynd 4<\/h3>\n<p>[\/et_pb_text][\/et_pb_column][et_pb_column type=&#8220;1_3&#8243; _builder_version=&#8220;4.23.1&#8243; _module_preset=&#8220;default&#8220; global_colors_info=&#8220;{}&#8220;][et_pb_image src=&#8220;https:\/\/kristalsteypa.is\/wp-content\/uploads\/2026\/03\/H-M-5.jpg&#8220; title_text=&#8220;H-M-5&#8243; show_in_lightbox=&#8220;on&#8220; align=&#8220;center&#8220; _builder_version=&#8220;4.27.6&#8243; _module_preset=&#8220;default&#8220; width=&#8220;50%&#8220; global_colors_info=&#8220;{}&#8220;][\/et_pb_image][et_pb_text _builder_version=&#8220;4.27.6&#8243; _module_preset=&#8220;default&#8220; text_orientation=&#8220;center&#8220; global_colors_info=&#8220;{}&#8220;]<\/p>\n<h3>Mynd 5<\/h3>\n<p>[\/et_pb_text][\/et_pb_column][et_pb_column type=&#8220;1_3&#8243; _builder_version=&#8220;4.23.1&#8243; _module_preset=&#8220;default&#8220; global_colors_info=&#8220;{}&#8220;][\/et_pb_column][\/et_pb_row][\/et_pb_section]<\/p>\n","protected":false},"excerpt":{"rendered":"<p>Sumari\u00f0 2025 var 3.200 m2 b\u00edlast\u00e6\u00f0aplata \u00ed Hamraborg me\u00f0h\u00f6ndlu\u00f0 me\u00f0 Kristaline1.\u00deetta er milliplata og \u00fev\u00ed au\u00f0velt a\u00f0 sj\u00e1 hana ne\u00f0an fr\u00e1 l\u00edka.Mikill raki og rakaskemmdir voru \u00ed pl\u00f6tunni.\u00deann 19. febr\u00faar 2026 var platan sko\u00f0u\u00f0 og myndir teknar. (sj\u00e1 myndir \u00ferj\u00fa til fimm).\u00c1 myndum eitt og tv\u00f6 s\u00e9st \u00feegar efni\u00f0 er bori\u00f0 \u00e1 pl\u00f6tuna.\u00c1 mynd \u00ferj\u00fa [&hellip;]<\/p>\n","protected":false},"author":1,"featured_media":0,"parent":0,"menu_order":0,"comment_status":"closed","ping_status":"closed","template":"","meta":{"_et_pb_use_builder":"on","_et_pb_old_content":"","_et_gb_content_width":"","footnotes":""},"class_list":["post-283","page","type-page","status-publish","hentry"],"_links":{"self":[{"href":"https:\/\/kristalsteypa.is\/index.php\/wp-json\/wp\/v2\/pages\/283","targetHints":{"allow":["GET"]}}],"collection":[{"href":"https:\/\/kristalsteypa.is\/index.php\/wp-json\/wp\/v2\/pages"}],"about":[{"href":"https:\/\/kristalsteypa.is\/index.php\/wp-json\/wp\/v2\/types\/page"}],"author":[{"embeddable":true,"href":"https:\/\/kristalsteypa.is\/index.php\/wp-json\/wp\/v2\/users\/1"}],"replies":[{"embeddable":true,"href":"https:\/\/kristalsteypa.is\/index.php\/wp-json\/wp\/v2\/comments?post=283"}],"version-history":[{"count":6,"href":"https:\/\/kristalsteypa.is\/index.php\/wp-json\/wp\/v2\/pages\/283\/revisions"}],"predecessor-version":[{"id":299,"href":"https:\/\/kristalsteypa.is\/index.php\/wp-json\/wp\/v2\/pages\/283\/revisions\/299"}],"wp:attachment":[{"href":"https:\/\/kristalsteypa.is\/index.php\/wp-json\/wp\/v2\/media?parent=283"}],"curies":[{"name":"wp","href":"https:\/\/api.w.org\/{rel}","templated":true}]}}