{"id":92,"date":"2023-11-23T15:47:34","date_gmt":"2023-11-23T15:47:34","guid":{"rendered":"https:\/\/kristalsteypa.is\/?page_id=92"},"modified":"2024-02-01T19:31:34","modified_gmt":"2024-02-01T19:31:34","slug":"verkupplysingar","status":"publish","type":"page","link":"https:\/\/kristalsteypa.is\/index.php\/verkupplysingar\/","title":{"rendered":"Rannsoknarskyrslur"},"content":{"rendered":"<p>[et_pb_section fb_built=&#8220;1&#8243; admin_label=&#8220;Gallery&#8220; _builder_version=&#8220;4.18.0&#8243; _module_preset=&#8220;default&#8220; custom_padding=&#8220;0px||0px||true|&#8220; collapsed=&#8220;on&#8220; global_colors_info=&#8220;{}&#8220;][et_pb_row _builder_version=&#8220;4.18.0&#8243; _module_preset=&#8220;default&#8220; width=&#8220;100%&#8220; max_width=&#8220;none&#8220; custom_padding=&#8220;0px||0px||true|false&#8220; global_colors_info=&#8220;{}&#8220;][et_pb_column type=&#8220;4_4&#8243; _builder_version=&#8220;4.18.0&#8243; _module_preset=&#8220;default&#8220; global_colors_info=&#8220;{}&#8220;][\/et_pb_column][\/et_pb_row][\/et_pb_section][et_pb_section fb_built=&#8220;1&#8243; admin_label=&#8220;Details&#8220; _builder_version=&#8220;4.18.0&#8243; _module_preset=&#8220;default&#8220; global_colors_info=&#8220;{}&#8220;][et_pb_row _builder_version=&#8220;4.18.0&#8243; _module_preset=&#8220;default&#8220; global_colors_info=&#8220;{}&#8220;][et_pb_column type=&#8220;4_4&#8243; _builder_version=&#8220;4.18.0&#8243; _module_preset=&#8220;default&#8220; global_colors_info=&#8220;{}&#8220;][et_pb_text _builder_version=&#8220;4.23.1&#8243; _module_preset=&#8220;b327cbe4-b1d5-4b66-ad37-40c8f2f061ba&#8220; header_2_font=&#8220;Playfair Display|700|||||||&#8220; header_2_text_color=&#8220;#000000&#8243; header_2_font_size=&#8220;45px&#8220; header_2_line_height=&#8220;1.35em&#8220; text_orientation=&#8220;center&#8220; custom_margin=&#8220;||0px||false|false&#8220; header_2_font_size_tablet=&#8220;32px&#8220; header_2_font_size_phone=&#8220;20px&#8220; header_2_font_size_last_edited=&#8220;on|desktop&#8220; locked=&#8220;off&#8220; global_colors_info=&#8220;{}&#8220;]<\/p>\n<h2 class=\"lp-h3\">Ranns\u00f3knarsk\u00fdrslur<\/h2>\n<p>[\/et_pb_text][\/et_pb_column][\/et_pb_row][\/et_pb_section][et_pb_section fb_built=&#8220;1&#8243; admin_label=&#8220;Agent&#8220; _builder_version=&#8220;4.18.0&#8243; _module_preset=&#8220;default&#8220; background_color=&#8220;#F5F5F5&#8243; background_size_tablet=&#8220;cover&#8220; background_image_width_phone=&#8220;90%&#8220; background_position_tablet=&#8220;center&#8220; overflow-x_tablet=&#8220;&#8220; overflow-x_phone=&#8220;hidden&#8220; overflow-x_last_edited=&#8220;on|phone&#8220; overflow-y_tablet=&#8220;&#8220; overflow-y_phone=&#8220;hidden&#8220; overflow-y_last_edited=&#8220;on|phone&#8220; locked=&#8220;off&#8220; collapsed=&#8220;on&#8220; global_colors_info=&#8220;{}&#8220;][et_pb_row column_structure=&#8220;1_2,1_2&#8243; _builder_version=&#8220;4.23.1&#8243; _module_preset=&#8220;default&#8220; global_colors_info=&#8220;{}&#8220;][et_pb_column type=&#8220;1_2&#8243; _builder_version=&#8220;4.23.1&#8243; _module_preset=&#8220;default&#8220; global_colors_info=&#8220;{}&#8220;][et_pb_text _builder_version=&#8220;4.23.1&#8243; _module_preset=&#8220;default&#8220; header_2_font=&#8220;Playfair Display||||||||&#8220; header_2_text_align=&#8220;center&#8220; header_3_font=&#8220;Playfair Display||||||||&#8220; header_3_text_align=&#8220;center&#8220; header_3_font_size=&#8220;18px&#8220; global_colors_info=&#8220;{}&#8220;]<\/p>\n<h2>Verksk\u00fdrslur<\/h2>\n<h3>Krystalline Add 1<\/h3>\n<p>[\/et_pb_text][et_pb_text _builder_version=&#8220;4.23.1&#8243; _module_preset=&#8220;default&#8220; global_colors_info=&#8220;{}&#8220;]<a href=\"https:\/\/kristalsteypa.is\/wp-content\/uploads\/2023\/11\/Project-Report-Krystaline-Add1-Artificial-Lake-Sofia-Bulgaria.pdf\" target=\"_blank\" rel=\"noopener\"> Artificial Lake (Sofia, Bulgaria)<\/a><br \/>\n<a href=\"https:\/\/kristalsteypa.is\/wp-content\/uploads\/2023\/11\/Project-Report-Krystaline-Add1-Bridge-deck-Romania.pdf\" target=\"_blank\" rel=\"noopener\">Bridge deck (Romania)<\/a><br \/>\n<a href=\"https:\/\/kristalsteypa.is\/wp-content\/uploads\/2023\/11\/Project-Report-Krystaline-Add1-Clubhouse-Szczecin-Poland.pdf\" target=\"_blank\" rel=\"noopener\">Clubhouse Szczecin (Poland)<\/a><br \/>\n<a href=\"https:\/\/kristalsteypa.is\/wp-content\/uploads\/2023\/11\/Project-Report-Krystaline-Add1-Distrito-Digital-Alicante-Spain.pdf\" target=\"_blank\" rel=\"noopener\"> Distrito Digital (Alicante Spain)<\/a><br \/>\n<a href=\"https:\/\/kristalsteypa.is\/wp-content\/uploads\/2023\/11\/Project-Report-Krystaline-Add1-Fish-farm-La-Palma-Spain.pdf\" target=\"_blank\" rel=\"noopener\"> Fish farm (La Palma, Spain)<\/a><br \/>\n<a href=\"https:\/\/kristalsteypa.is\/wp-content\/uploads\/2023\/11\/Project-Report-Krystaline-Add1-Harbour-Lofts-Apartments-Palma-de-Mallorca-Spain.pdf\" target=\"_blank\" rel=\"noopener\">Harbour Lofts Apartments (Palma de Mallorca, Spain)<\/a><br \/>\n<a href=\"https:\/\/kristalsteypa.is\/wp-content\/uploads\/2023\/11\/Project-Report-Krystaline-Add1-High-Rise-Apartments-Mumbai-India.pdf\" target=\"_blank\" rel=\"noopener\"> High Rise Apartments (Mumbai, India)<\/a><br \/>\n<a href=\"https:\/\/kristalsteypa.is\/wp-content\/uploads\/2023\/11\/Project-Report-Krystaline-Add1-Hotel-Pabisa-Bali-Platja-de-Palma-Palma-de-Mallorca-Spain.pdf\" target=\"_blank\" rel=\"noopener\"> Hotel Pabisa Bali, Platja de Palma (Palma de Mallorca, Spain)<\/a><br \/>\n<a href=\"https:\/\/kristalsteypa.is\/wp-content\/uploads\/2023\/11\/Project-Report-Krystaline-Add1-Long-Water-Feature-Cape-Town-South-Africa.pdf\" target=\"_blank\" rel=\"noopener\"> Long Water Feature (Cape Town, South Africa)<\/a><br \/>\n<a href=\"https:\/\/kristalsteypa.is\/wp-content\/uploads\/2023\/11\/Project-Report-Krystaline-Add1-Morskie-Centrum-Nauki-Szczecin-Poland.pdf\" target=\"_blank\" rel=\"noopener\">Morskie Centrum Nauki (Szczecin, Poland)<\/a><br \/>\n<a href=\"https:\/\/kristalsteypa.is\/wp-content\/uploads\/2023\/11\/Project-Report-Krystaline-Add1-Multifunctional-Office-Building-Varna-Bulgaria.pdf\" target=\"_blank\" rel=\"noopener\"> Multifunctional Office Building (Varna, Bulgaria)<\/a><br \/>\n<a href=\"https:\/\/kristalsteypa.is\/wp-content\/uploads\/2023\/11\/Project-Report-Krystaline-Add1-Osiedle-Sadowa-Apartments-Elblag-Poland.pdf\" target=\"_blank\" rel=\"noopener\"> Osiedle Sadowa Apartments (Elblag, Poland)<\/a><br \/>\n<a href=\"https:\/\/kristalsteypa.is\/wp-content\/uploads\/2023\/11\/Project-Report-Krystaline-Add1-Supermarket-Dublin-Ireland.pdf\" target=\"_blank\" rel=\"noopener\">Supermarket (Dublin, Ireland)<\/a><br \/>\n<a href=\"https:\/\/kristalsteypa.is\/wp-content\/uploads\/2023\/11\/Project-Report-Krystaline-Add1-Water-Reservoir-Portugal.pdf\" target=\"_blank\" rel=\"noopener\"> Water Reservoir (Portugal)<\/a><br \/>\n<a href=\"https:\/\/kristalsteypa.is\/wp-content\/uploads\/2023\/11\/Hong-Kong-Krystaline-Job-Ref-updated-Oct-2020.pdf\" target=\"_blank\" rel=\"noopener\">Hong Kong Krystaline Job Ref updated Oct 2020<\/a><br \/>\n<a href=\"https:\/\/kristalsteypa.is\/wp-content\/uploads\/2023\/11\/Krystaline-International-Projects-updated.pdf\" target=\"_blank\" rel=\"noopener\">Krystaline International Projects &#8211; updated<\/a>[\/et_pb_text][et_pb_text _builder_version=&#8220;4.24.0&#8243; _module_preset=&#8220;default&#8220; header_2_font=&#8220;Playfair Display||||||||&#8220; header_2_text_align=&#8220;center&#8220; global_colors_info=&#8220;{}&#8220;]<\/p>\n<h2>Ranns\u00f3knarsk\u00fdrslur<\/h2>\n<p>[\/et_pb_text][et_pb_text _builder_version=&#8220;4.24.0&#8243; _module_preset=&#8220;default&#8220; hover_enabled=&#8220;0&#8243; global_colors_info=&#8220;{}&#8220; sticky_enabled=&#8220;0&#8243;]<\/p>\n<p><a href=\"https:\/\/kristalsteypa.is\/wp-content\/uploads\/2024\/01\/230926-64-1898-C35.pdf\" target=\"_blank\" rel=\"noopener\">Frost\/\u00de\u00fd\u00f0u pr\u00f3fun \u00ed \u00edslenskri steypu me\u00f0 Kristaline<\/a><br \/><a href=\"https:\/\/kristalsteypa.is\/wp-content\/uploads\/2024\/01\/230926-65-1901-C35.pdf\" target=\"_blank\" rel=\"noopener\">Frost\/\u00de\u00fd\u00f0u pr\u00f3fun \u00ed \u00edslenskri steypu \u00e1n Kristaline<\/a><br \/><a href=\"https:\/\/kristalsteypa.is\/wp-content\/uploads\/2024\/02\/samanburdarrannsokn.pdf\" target=\"_blank\" rel=\"noopener\">Samanbur\u00f0arranns\u00f3kn \u00e1 \u00feolstyrk \u00ed \u00edslenskri steypu<\/a><\/p>\n<p>[\/et_pb_text][\/et_pb_column][et_pb_column type=&#8220;1_2&#8243; _builder_version=&#8220;4.23.1&#8243; _module_preset=&#8220;default&#8220; global_colors_info=&#8220;{}&#8220;][et_pb_text _builder_version=&#8220;4.23.1&#8243; _module_preset=&#8220;default&#8220; header_2_font=&#8220;Playfair Display||||||||&#8220; header_2_text_align=&#8220;center&#8220; header_3_font=&#8220;Playfair Display||||||||&#8220; header_3_text_align=&#8220;center&#8220; header_3_font_size=&#8220;18px&#8220; global_colors_info=&#8220;{}&#8220;]<\/p>\n<h2>Verksk\u00fdrslur<\/h2>\n<h3>Krystalline Add Plus 2.5<\/h3>\n<p>[\/et_pb_text][et_pb_text _builder_version=&#8220;4.23.1&#8243; _module_preset=&#8220;default&#8220; global_colors_info=&#8220;{}&#8220;]<a href=\"https:\/\/kristalsteypa.is\/wp-content\/uploads\/2023\/11\/Project-Report-Krystaline-Add-PLUS-2.5-Deluxe-Residential-Project-Hong-Kong.pdf\" target=\"_blank\" rel=\"noopener\"> Deluxe Residential Project<\/a><br \/>\n<a href=\"https:\/\/kristalsteypa.is\/wp-content\/uploads\/2023\/11\/Project-Report-Krystaline-Add-PLUS-2.5-High-Rise-Office-Tower-Indonesia.pdf\" target=\"_blank\" rel=\"noopener\"> High Rise Office Tower<\/a><br \/>\n<a href=\"https:\/\/kristalsteypa.is\/wp-content\/uploads\/2023\/11\/Project-Report-Krystaline-Add-PLUS-2.5-High-end-residential-estates-Wentworth-Hall-West-London-England.pdf\" target=\"_blank\" rel=\"noopener\"> High-end residential estates, Wentworth Hall<\/a><br \/>\n<a href=\"https:\/\/kristalsteypa.is\/wp-content\/uploads\/2023\/11\/Project-Report-Krystaline-Add-PLUS-2.5-Hospital-North-London-England.pdf\" target=\"_blank\" rel=\"noopener\">Hospital<\/a>[\/et_pb_text][et_pb_text _builder_version=&#8220;4.23.1&#8243; _module_preset=&#8220;default&#8220; header_2_font=&#8220;Playfair Display||||||||&#8220; header_2_text_align=&#8220;center&#8220; global_colors_info=&#8220;{}&#8220;]<\/p>\n<h2>Uppl\u00fdsingar<\/h2>\n<p>[\/et_pb_text][et_pb_text _builder_version=&#8220;4.23.1&#8243; _module_preset=&#8220;default&#8220; global_colors_info=&#8220;{}&#8220;]<\/p>\n<p><a href=\"https:\/\/kristalsteypa.is\/wp-content\/uploads\/2023\/11\/TA-10.01-Krystaline-CSH-Technology-Overview.pdf\" target=\"_blank\" rel=\"noopener\">Krystaline CSH Technology Overview<\/a><br \/><a href=\"https:\/\/kristalsteypa.is\/wp-content\/uploads\/2023\/11\/TA-10.06-Krystaline-Admixtures-Increase-Durability.pdf\" target=\"_blank\" rel=\"noopener\">Krystaline Admixtures Increase Durability<\/a><br \/><a href=\"https:\/\/kristalsteypa.is\/wp-content\/uploads\/2023\/11\/TA-10.09-Advantages-of-Krystaline-Admixtures-in-Water-Treatment-Plants.pdf\" target=\"_blank\" rel=\"noopener\">Advantages of Krystaline Admixtures in Water Treatment Plants<\/a><br \/><a href=\"https:\/\/kristalsteypa.is\/wp-content\/uploads\/2023\/11\/TA-10.11-Reduction-of-Carbonation-When-Using-Krystaline-Admixtures.pdf\" target=\"_blank\" rel=\"noopener\">Reduction of Carbonation When Using Krystaline Admixtures<\/a><br \/><a href=\"https:\/\/kristalsteypa.is\/wp-content\/uploads\/2023\/11\/TA-11.01-Krystaline-1-Slurry-Overview.pdf\" target=\"_blank\" rel=\"noopener\">Krystaline 1 Slurry Overview<\/a><br \/><a href=\"https:\/\/kristalsteypa.is\/wp-content\/uploads\/2023\/11\/TA-40.06-Crystalline-Concrete-Comparison-Xypex-C1000NF-Penetron-Admix-and-Krystaline-Add1.pdf\" target=\"_blank\" rel=\"noopener\">Crystalline Concrete Comparison Xypex C1000NF, Penetron Admix and Krystaline Add1<\/a><br \/><a href=\"https:\/\/kristalsteypa.is\/wp-content\/uploads\/2023\/11\/visindagrein-um-C-S-H.pdf\" target=\"_blank\" rel=\"noopener\">v\u00edsindagrein um C-S-H<\/a><br \/><a href=\"https:\/\/kristalsteypa.is\/wp-content\/uploads\/2023\/11\/kristalefnissamanburdur.pdf\" target=\"_blank\" rel=\"noopener\">Kristalefnissamanbur\u00f0ur<\/a><br \/><a href=\"https:\/\/kristalsteypa.is\/wp-content\/uploads\/2023\/11\/brochure-admixtures-krystaline-digital.pdf\" target=\"_blank\" rel=\"noopener\">brochure-admixtures-krystaline-digital<\/a><\/p>\n<p>[\/et_pb_text][\/et_pb_column][\/et_pb_row][\/et_pb_section]<\/p>\n","protected":false},"excerpt":{"rendered":"<p>Ranns\u00f3knarsk\u00fdrslurVerksk\u00fdrslur Krystalline Add 1 Artificial Lake (Sofia, Bulgaria) Bridge deck (Romania) Clubhouse Szczecin (Poland) Distrito Digital (Alicante Spain) Fish farm (La Palma, Spain) Harbour Lofts Apartments (Palma de Mallorca, Spain) High Rise Apartments (Mumbai, India) Hotel Pabisa Bali, Platja de Palma (Palma de Mallorca, Spain) Long Water Feature (Cape Town, South Africa) Morskie Centrum Nauki [&hellip;]<\/p>\n","protected":false},"author":1,"featured_media":0,"parent":0,"menu_order":0,"comment_status":"closed","ping_status":"closed","template":"","meta":{"_et_pb_use_builder":"on","_et_pb_old_content":"","_et_gb_content_width":"","footnotes":""},"class_list":["post-92","page","type-page","status-publish","hentry"],"_links":{"self":[{"href":"https:\/\/kristalsteypa.is\/index.php\/wp-json\/wp\/v2\/pages\/92","targetHints":{"allow":["GET"]}}],"collection":[{"href":"https:\/\/kristalsteypa.is\/index.php\/wp-json\/wp\/v2\/pages"}],"about":[{"href":"https:\/\/kristalsteypa.is\/index.php\/wp-json\/wp\/v2\/types\/page"}],"author":[{"embeddable":true,"href":"https:\/\/kristalsteypa.is\/index.php\/wp-json\/wp\/v2\/users\/1"}],"replies":[{"embeddable":true,"href":"https:\/\/kristalsteypa.is\/index.php\/wp-json\/wp\/v2\/comments?post=92"}],"version-history":[{"count":34,"href":"https:\/\/kristalsteypa.is\/index.php\/wp-json\/wp\/v2\/pages\/92\/revisions"}],"predecessor-version":[{"id":246,"href":"https:\/\/kristalsteypa.is\/index.php\/wp-json\/wp\/v2\/pages\/92\/revisions\/246"}],"wp:attachment":[{"href":"https:\/\/kristalsteypa.is\/index.php\/wp-json\/wp\/v2\/media?parent=92"}],"curies":[{"name":"wp","href":"https:\/\/api.w.org\/{rel}","templated":true}]}}